{"id":1244,"date":"2025-03-27T22:40:57","date_gmt":"2025-03-27T22:40:57","guid":{"rendered":"https:\/\/foi.bcg.mybluehost.me\/website_4c636dee\/product\/apadrina-una-cepa\/"},"modified":"2025-06-17T15:21:07","modified_gmt":"2025-06-17T15:21:07","slug":"apadrina-una-cepa","status":"publish","type":"product","link":"https:\/\/gritelles.com\/es\/product\/apadrina-una-cepa\/","title":{"rendered":"Apadrina una cepa"},"content":{"rendered":"<h2>Disfrutar del vino<\/h2>\n<h3>Ofrecemos un amplio abanico de posibilidades<\/h3>\n<p>Celler Gritelles quiere acercarte al mundo del vino. Visita nuestras bodegas, pasea por nuestros vi\u00f1edos y su paisaje. Prueba nuestros vinos en la bodega o en el vi\u00f1edo. Disfruta de nuestros vinos con comida local entre vi\u00f1edos. Recorre los caminos de \u00edberos y romanos. Apadrina vi\u00f1as o barricas y ten tu propio vino.<\/p>\n","protected":false},"excerpt":{"rendered":"<p>\u21d2 <a href=\"https:\/\/gritelles.com\/es\/product\/apadrina-un-vinedo\/\">Apadrina un vi\u00f1edo &#8211; 99\u20ac\/A\u00f1o<\/a><br \/>\n\u21d2 <a href=\"https:\/\/gritelles.com\/es\/product\/apadrina-una-barrica\/\">Apadrina una barrica- 333\u20ac\/A\u00f1o<\/a><\/p>\n","protected":false},"featured_media":267,"template":"","meta":{"nf_dc_page":"","_uag_custom_page_level_css":"","site-sidebar-layout":"default","site-content-layout":"","ast-site-content-layout":"default","site-content-style":"default","site-sidebar-style":"default","ast-global-header-display":"","ast-banner-title-visibility":"","ast-main-header-display":"","ast-hfb-above-header-display":"","ast-hfb-below-header-display":"","ast-hfb-mobile-header-display":"","site-post-title":"","ast-breadcrumbs-content":"","ast-featured-img":"","footer-sml-layout":"","ast-disable-related-posts":"","theme-transparent-header-meta":"default","adv-header-id-meta":"","stick-header-meta":"","header-above-stick-meta":"","header-main-stick-meta":"","header-below-stick-meta":"","astra-migrate-meta-layouts":"set","ast-page-background-enabled":"default","ast-page-background-meta":{"desktop":{"background-color":"var(--ast-global-color-5)","background-image":"","background-repeat":"repeat","background-position":"center center","background-size":"auto","background-attachment":"scroll","background-type":"","background-media":"","overlay-type":"","overlay-color":"","overlay-opacity":"","overlay-gradient":""},"tablet":{"background-color":"","background-image":"","background-repeat":"repeat","background-position":"center center","background-size":"auto","background-attachment":"scroll","background-type":"","background-media":"","overlay-type":"","overlay-color":"","overlay-opacity":"","overlay-gradient":""},"mobile":{"background-color":"","background-image":"","background-repeat":"repeat","background-position":"center center","background-size":"auto","background-attachment":"scroll","background-type":"","background-media":"","overlay-type":"","overlay-color":"","overlay-opacity":"","overlay-gradient":""}},"ast-content-background-meta":{"desktop":{"background-color":"var(--ast-global-color-4)","background-image":"","background-repeat":"repeat","background-position":"center center","background-size":"auto","background-attachment":"scroll","background-type":"","background-media":"","overlay-type":"","overlay-color":"","overlay-opacity":"","overlay-gradient":""},"tablet":{"background-color":"var(--ast-global-color-4)","background-image":"","background-repeat":"repeat","background-position":"center center","background-size":"auto","background-attachment":"scroll","background-type":"","background-media":"","overlay-type":"","overlay-color":"","overlay-opacity":"","overlay-gradient":""},"mobile":{"background-color":"var(--ast-global-color-4)","background-image":"","background-repeat":"repeat","background-position":"center center","background-size":"auto","background-attachment":"scroll","background-type":"","background-media":"","overlay-type":"","overlay-color":"","overlay-opacity":"","overlay-gradient":""}}},"product_brand":[],"product_cat":[74],"product_tag":[],"class_list":{"0":"post-1244","1":"product","2":"type-product","3":"status-publish","4":"has-post-thumbnail","6":"product_cat-apadrina-es","7":"desktop-align-left","8":"tablet-align-left","9":"mobile-align-left","11":"first","12":"instock","13":"virtual","14":"taxable","15":"purchasable","16":"product-type-simple"},"yoast_head":"<!-- This site is optimized with the Yoast SEO plugin v27.4 - https:\/\/yoast.com\/product\/yoast-seo-wordpress\/ -->\n<title>Apadrina una cepa - Celler Gritelles<\/title>\n<meta name=\"description\" content=\"Discover Apadrina una cepa from Celler Gritelles, an artisanal winery in Cornudella de Montsant, Catalonia. Handcrafted wines that capture the essence of the Montsant region.\" \/>\n<meta name=\"robots\" content=\"index, follow, max-snippet:-1, max-image-preview:large, max-video-preview:-1\" \/>\n<link rel=\"canonical\" href=\"https:\/\/gritelles.com\/es\/product\/apadrina-una-cepa\/\" \/>\n<meta property=\"og:locale\" content=\"es_ES\" \/>\n<meta property=\"og:type\" content=\"article\" \/>\n<meta property=\"og:title\" content=\"Apadrina una cepa - Celler Gritelles\" \/>\n<meta property=\"og:description\" content=\"Discover Apadrina una cepa from Celler Gritelles, an artisanal winery in Cornudella de Montsant, Catalonia. Handcrafted wines that capture the essence of the Montsant region.\" \/>\n<meta property=\"og:url\" content=\"https:\/\/gritelles.com\/es\/product\/apadrina-una-cepa\/\" \/>\n<meta property=\"og:site_name\" content=\"Celler Gritelles\" \/>\n<meta property=\"article:publisher\" content=\"https:\/\/www.facebook.com\/gritelleswinery\" \/>\n<meta property=\"article:modified_time\" content=\"2025-06-17T15:21:07+00:00\" \/>\n<meta property=\"og:image\" content=\"https:\/\/gritelles.com\/wp-content\/uploads\/2025\/03\/DSCF6515-scaled.jpg\" \/>\n\t<meta property=\"og:image:width\" content=\"1707\" \/>\n\t<meta property=\"og:image:height\" content=\"2560\" \/>\n\t<meta property=\"og:image:type\" content=\"image\/jpeg\" \/>\n<meta name=\"twitter:card\" content=\"summary_large_image\" \/>\n<meta name=\"twitter:site\" content=\"@gritelles\" \/>\n<meta name=\"twitter:label1\" content=\"Tiempo de lectura\" \/>\n\t<meta name=\"twitter:data1\" content=\"1 minuto\" \/>\n<script type=\"application\/ld+json\" class=\"yoast-schema-graph\">{\"@context\":\"https:\\\/\\\/schema.org\",\"@graph\":[{\"@type\":\"WebPage\",\"@id\":\"https:\\\/\\\/gritelles.com\\\/es\\\/product\\\/apadrina-una-cepa\\\/\",\"url\":\"https:\\\/\\\/gritelles.com\\\/es\\\/product\\\/apadrina-una-cepa\\\/\",\"name\":\"Apadrina una cepa - Celler Gritelles\",\"isPartOf\":{\"@id\":\"https:\\\/\\\/gritelles.com\\\/es\\\/#website\"},\"primaryImageOfPage\":{\"@id\":\"https:\\\/\\\/gritelles.com\\\/es\\\/product\\\/apadrina-una-cepa\\\/#primaryimage\"},\"image\":{\"@id\":\"https:\\\/\\\/gritelles.com\\\/es\\\/product\\\/apadrina-una-cepa\\\/#primaryimage\"},\"thumbnailUrl\":\"https:\\\/\\\/i0.wp.com\\\/gritelles.com\\\/wp-content\\\/uploads\\\/2025\\\/03\\\/DSCF6515-scaled.jpg?fit=1707%2C2560&ssl=1\",\"datePublished\":\"2025-03-27T22:40:57+00:00\",\"dateModified\":\"2025-06-17T15:21:07+00:00\",\"description\":\"Discover Apadrina una cepa from Celler Gritelles, an artisanal winery in Cornudella de Montsant, Catalonia. Handcrafted wines that capture the essence of the Montsant region.\",\"breadcrumb\":{\"@id\":\"https:\\\/\\\/gritelles.com\\\/es\\\/product\\\/apadrina-una-cepa\\\/#breadcrumb\"},\"inLanguage\":\"es\",\"potentialAction\":[{\"@type\":\"ReadAction\",\"target\":[\"https:\\\/\\\/gritelles.com\\\/es\\\/product\\\/apadrina-una-cepa\\\/\"]}]},{\"@type\":\"ImageObject\",\"inLanguage\":\"es\",\"@id\":\"https:\\\/\\\/gritelles.com\\\/es\\\/product\\\/apadrina-una-cepa\\\/#primaryimage\",\"url\":\"https:\\\/\\\/i0.wp.com\\\/gritelles.com\\\/wp-content\\\/uploads\\\/2025\\\/03\\\/DSCF6515-scaled.jpg?fit=1707%2C2560&ssl=1\",\"contentUrl\":\"https:\\\/\\\/i0.wp.com\\\/gritelles.com\\\/wp-content\\\/uploads\\\/2025\\\/03\\\/DSCF6515-scaled.jpg?fit=1707%2C2560&ssl=1\",\"width\":1707,\"height\":2560},{\"@type\":\"BreadcrumbList\",\"@id\":\"https:\\\/\\\/gritelles.com\\\/es\\\/product\\\/apadrina-una-cepa\\\/#breadcrumb\",\"itemListElement\":[{\"@type\":\"ListItem\",\"position\":1,\"name\":\"Home\",\"item\":\"https:\\\/\\\/gritelles.com\\\/es\\\/\"},{\"@type\":\"ListItem\",\"position\":2,\"name\":\"Tienda\",\"item\":\"https:\\\/\\\/gritelles.com\\\/es\\\/tienda\\\/\"},{\"@type\":\"ListItem\",\"position\":3,\"name\":\"Apadrina una cepa\"}]},{\"@type\":\"WebSite\",\"@id\":\"https:\\\/\\\/gritelles.com\\\/es\\\/#website\",\"url\":\"https:\\\/\\\/gritelles.com\\\/es\\\/\",\"name\":\"Celler Gritelles\",\"description\":\"\",\"publisher\":{\"@id\":\"https:\\\/\\\/gritelles.com\\\/es\\\/#organization\"},\"potentialAction\":[{\"@type\":\"SearchAction\",\"target\":{\"@type\":\"EntryPoint\",\"urlTemplate\":\"https:\\\/\\\/gritelles.com\\\/es\\\/?s={search_term_string}\"},\"query-input\":{\"@type\":\"PropertyValueSpecification\",\"valueRequired\":true,\"valueName\":\"search_term_string\"}}],\"inLanguage\":\"es\"},{\"@type\":\"Organization\",\"@id\":\"https:\\\/\\\/gritelles.com\\\/es\\\/#organization\",\"name\":\"Celler Gritelles\",\"url\":\"https:\\\/\\\/gritelles.com\\\/es\\\/\",\"logo\":{\"@type\":\"ImageObject\",\"inLanguage\":\"es\",\"@id\":\"https:\\\/\\\/gritelles.com\\\/es\\\/#\\\/schema\\\/logo\\\/image\\\/\",\"url\":\"https:\\\/\\\/gritelles.com\\\/wp-content\\\/uploads\\\/2025\\\/03\\\/Logo_Celler_Gritelles_transparent_1-ed20041b-1920w-1920w.webp\",\"contentUrl\":\"https:\\\/\\\/gritelles.com\\\/wp-content\\\/uploads\\\/2025\\\/03\\\/Logo_Celler_Gritelles_transparent_1-ed20041b-1920w-1920w.webp\",\"width\":1920,\"height\":1920,\"caption\":\"Celler Gritelles\"},\"image\":{\"@id\":\"https:\\\/\\\/gritelles.com\\\/es\\\/#\\\/schema\\\/logo\\\/image\\\/\"},\"sameAs\":[\"https:\\\/\\\/www.facebook.com\\\/gritelleswinery\",\"https:\\\/\\\/x.com\\\/gritelles\"]}]}<\/script>\n<!-- \/ Yoast SEO plugin. -->","yoast_head_json":{"title":"Apadrina una cepa - Celler Gritelles","description":"Discover Apadrina una cepa from Celler Gritelles, an artisanal winery in Cornudella de Montsant, Catalonia. Handcrafted wines that capture the essence of the Montsant region.","robots":{"index":"index","follow":"follow","max-snippet":"max-snippet:-1","max-image-preview":"max-image-preview:large","max-video-preview":"max-video-preview:-1"},"canonical":"https:\/\/gritelles.com\/es\/product\/apadrina-una-cepa\/","og_locale":"es_ES","og_type":"article","og_title":"Apadrina una cepa - Celler Gritelles","og_description":"Discover Apadrina una cepa from Celler Gritelles, an artisanal winery in Cornudella de Montsant, Catalonia. Handcrafted wines that capture the essence of the Montsant region.","og_url":"https:\/\/gritelles.com\/es\/product\/apadrina-una-cepa\/","og_site_name":"Celler Gritelles","article_publisher":"https:\/\/www.facebook.com\/gritelleswinery","article_modified_time":"2025-06-17T15:21:07+00:00","og_image":[{"width":1707,"height":2560,"url":"https:\/\/gritelles.com\/wp-content\/uploads\/2025\/03\/DSCF6515-scaled.jpg","type":"image\/jpeg"}],"twitter_card":"summary_large_image","twitter_site":"@gritelles","twitter_misc":{"Tiempo de lectura":"1 minuto"},"schema":{"@context":"https:\/\/schema.org","@graph":[{"@type":"WebPage","@id":"https:\/\/gritelles.com\/es\/product\/apadrina-una-cepa\/","url":"https:\/\/gritelles.com\/es\/product\/apadrina-una-cepa\/","name":"Apadrina una cepa - Celler Gritelles","isPartOf":{"@id":"https:\/\/gritelles.com\/es\/#website"},"primaryImageOfPage":{"@id":"https:\/\/gritelles.com\/es\/product\/apadrina-una-cepa\/#primaryimage"},"image":{"@id":"https:\/\/gritelles.com\/es\/product\/apadrina-una-cepa\/#primaryimage"},"thumbnailUrl":"https:\/\/i0.wp.com\/gritelles.com\/wp-content\/uploads\/2025\/03\/DSCF6515-scaled.jpg?fit=1707%2C2560&ssl=1","datePublished":"2025-03-27T22:40:57+00:00","dateModified":"2025-06-17T15:21:07+00:00","description":"Discover Apadrina una cepa from Celler Gritelles, an artisanal winery in Cornudella de Montsant, Catalonia. Handcrafted wines that capture the essence of the Montsant region.","breadcrumb":{"@id":"https:\/\/gritelles.com\/es\/product\/apadrina-una-cepa\/#breadcrumb"},"inLanguage":"es","potentialAction":[{"@type":"ReadAction","target":["https:\/\/gritelles.com\/es\/product\/apadrina-una-cepa\/"]}]},{"@type":"ImageObject","inLanguage":"es","@id":"https:\/\/gritelles.com\/es\/product\/apadrina-una-cepa\/#primaryimage","url":"https:\/\/i0.wp.com\/gritelles.com\/wp-content\/uploads\/2025\/03\/DSCF6515-scaled.jpg?fit=1707%2C2560&ssl=1","contentUrl":"https:\/\/i0.wp.com\/gritelles.com\/wp-content\/uploads\/2025\/03\/DSCF6515-scaled.jpg?fit=1707%2C2560&ssl=1","width":1707,"height":2560},{"@type":"BreadcrumbList","@id":"https:\/\/gritelles.com\/es\/product\/apadrina-una-cepa\/#breadcrumb","itemListElement":[{"@type":"ListItem","position":1,"name":"Home","item":"https:\/\/gritelles.com\/es\/"},{"@type":"ListItem","position":2,"name":"Tienda","item":"https:\/\/gritelles.com\/es\/tienda\/"},{"@type":"ListItem","position":3,"name":"Apadrina una cepa"}]},{"@type":"WebSite","@id":"https:\/\/gritelles.com\/es\/#website","url":"https:\/\/gritelles.com\/es\/","name":"Celler Gritelles","description":"","publisher":{"@id":"https:\/\/gritelles.com\/es\/#organization"},"potentialAction":[{"@type":"SearchAction","target":{"@type":"EntryPoint","urlTemplate":"https:\/\/gritelles.com\/es\/?s={search_term_string}"},"query-input":{"@type":"PropertyValueSpecification","valueRequired":true,"valueName":"search_term_string"}}],"inLanguage":"es"},{"@type":"Organization","@id":"https:\/\/gritelles.com\/es\/#organization","name":"Celler Gritelles","url":"https:\/\/gritelles.com\/es\/","logo":{"@type":"ImageObject","inLanguage":"es","@id":"https:\/\/gritelles.com\/es\/#\/schema\/logo\/image\/","url":"https:\/\/gritelles.com\/wp-content\/uploads\/2025\/03\/Logo_Celler_Gritelles_transparent_1-ed20041b-1920w-1920w.webp","contentUrl":"https:\/\/gritelles.com\/wp-content\/uploads\/2025\/03\/Logo_Celler_Gritelles_transparent_1-ed20041b-1920w-1920w.webp","width":1920,"height":1920,"caption":"Celler Gritelles"},"image":{"@id":"https:\/\/gritelles.com\/es\/#\/schema\/logo\/image\/"},"sameAs":["https:\/\/www.facebook.com\/gritelleswinery","https:\/\/x.com\/gritelles"]}]}},"uagb_featured_image_src":{"full":["https:\/\/i0.wp.com\/gritelles.com\/wp-content\/uploads\/2025\/03\/DSCF6515-scaled.jpg?fit=1707%2C2560&ssl=1",1707,2560,false],"thumbnail":["https:\/\/i0.wp.com\/gritelles.com\/wp-content\/uploads\/2025\/03\/DSCF6515-scaled.jpg?resize=150%2C150&ssl=1",150,150,true],"medium":["https:\/\/i0.wp.com\/gritelles.com\/wp-content\/uploads\/2025\/03\/DSCF6515-scaled.jpg?fit=200%2C300&ssl=1",200,300,true],"medium_large":["https:\/\/i0.wp.com\/gritelles.com\/wp-content\/uploads\/2025\/03\/DSCF6515-scaled.jpg?fit=768%2C1152&ssl=1",768,1152,true],"large":["https:\/\/i0.wp.com\/gritelles.com\/wp-content\/uploads\/2025\/03\/DSCF6515-scaled.jpg?fit=683%2C1024&ssl=1",683,1024,true],"1536x1536":["https:\/\/i0.wp.com\/gritelles.com\/wp-content\/uploads\/2025\/03\/DSCF6515-scaled.jpg?fit=1024%2C1536&ssl=1",1024,1536,true],"2048x2048":["https:\/\/i0.wp.com\/gritelles.com\/wp-content\/uploads\/2025\/03\/DSCF6515-scaled.jpg?fit=1365%2C2048&ssl=1",1365,2048,true],"woocommerce_thumbnail":["https:\/\/gritelles.com\/wp-content\/uploads\/2025\/03\/DSCF6515-scaled-300x450.jpg",300,450,true],"woocommerce_single":["https:\/\/gritelles.com\/wp-content\/uploads\/2025\/03\/DSCF6515-scaled.jpg",300,450,false],"woocommerce_gallery_thumbnail":["https:\/\/gritelles.com\/wp-content\/uploads\/2025\/03\/DSCF6515-scaled-100x100.jpg",100,100,true]},"uagb_author_info":{"display_name":"Isabel Ebert","author_link":"https:\/\/gritelles.com\/es\/author\/"},"uagb_comment_info":0,"uagb_excerpt":"\u21d2 Apadrina un vi\u00f1edo - 99\u20ac\/A\u00f1o \u21d2 Apadrina una barrica- 333\u20ac\/A\u00f1o","jetpack_sharing_enabled":true,"_links":{"self":[{"href":"https:\/\/gritelles.com\/es\/wp-json\/wp\/v2\/product\/1244","targetHints":{"allow":["GET"]}}],"collection":[{"href":"https:\/\/gritelles.com\/es\/wp-json\/wp\/v2\/product"}],"about":[{"href":"https:\/\/gritelles.com\/es\/wp-json\/wp\/v2\/types\/product"}],"wp:featuredmedia":[{"embeddable":true,"href":"https:\/\/gritelles.com\/es\/wp-json\/wp\/v2\/media\/267"}],"wp:attachment":[{"href":"https:\/\/gritelles.com\/es\/wp-json\/wp\/v2\/media?parent=1244"}],"wp:term":[{"taxonomy":"product_brand","embeddable":true,"href":"https:\/\/gritelles.com\/es\/wp-json\/wp\/v2\/product_brand?post=1244"},{"taxonomy":"product_cat","embeddable":true,"href":"https:\/\/gritelles.com\/es\/wp-json\/wp\/v2\/product_cat?post=1244"},{"taxonomy":"product_tag","embeddable":true,"href":"https:\/\/gritelles.com\/es\/wp-json\/wp\/v2\/product_tag?post=1244"}],"curies":[{"name":"wp","href":"https:\/\/api.w.org\/{rel}","templated":true}]}}