{"id":1206,"date":"2025-05-10T22:40:27","date_gmt":"2025-05-10T22:40:27","guid":{"rendered":"https:\/\/foi.bcg.mybluehost.me\/website_4c636dee\/product\/macabeu-tros-de-la-serra-1714\/"},"modified":"2025-06-03T13:04:19","modified_gmt":"2025-06-03T13:04:19","slug":"macabeu-tros-de-la-serra-1714","status":"publish","type":"product","link":"https:\/\/gritelles.com\/es\/product\/macabeu-tros-de-la-serra-1714\/","title":{"rendered":"MACABEU TROS DE LA SERRA &#8211; 1714"},"content":{"rendered":"<table>\n<tbody>\n<tr>\n<td>VI\u00d1EDO<\/td>\n<td>El VI\u00d1EDO DE LA SERRA est\u00e1 al pie del Montsant, en la Morera de Montsant. Vi\u00f1as plantadas hace m\u00e1s de 50 a\u00f1os, procedentes de cepas prefilox\u00e9ricas. <\/td>\n<\/tr>\n<tr>\n<td>ORIGEN GEOGR\u00c1FICO<\/td>\n<td>Norte del Montsant, Priorat, Catalu\u00f1a<\/td>\n<\/tr>\n<tr>\n<td>ZONA VITIVIN\u00cdCOLA<\/td>\n<td>DOP Priorat<\/td>\n<\/tr>\n<tr>\n<td>VINATGE<\/td>\n<td>2019<\/td>\n<\/tr>\n<tr>\n<td>PRODUCCI\u00d3N<\/td>\n<td>1.400 Botellas de 75 CL<\/td>\n<\/tr>\n<tr>\n<td>TIPO DE BOTELLA<\/td>\n<td>Burdeos<\/td>\n<\/tr>\n<tr>\n<td>VARIEDAD DE UVA<\/td>\n<td>Macabeo &#8211; monovarietal<\/td>\n<\/tr>\n<tr>\n<td>GRADUACI\u00d3N<\/td>\n<td>14% vol<\/td>\n<\/tr>\n<tr>\n<td>ELABORACI\u00d3N DE VINO<\/td>\n<td>\n<ul>\n<li>Recogidos a mano a principios de octubre<\/li>\n<li>Vinificaci\u00f3n con sus pieles y levaduras aut\u00f3ctonas<\/li>\n<li>Fermentaci\u00f3n alcoh\u00f3lica durante 24 d\u00edas a 17\u00baC<\/li>\n<li>Envejecimiento durante 18 meses en barricas de 225 litros<\/li>\n<\/ul>\n<\/td>\n<\/tr>\n<tr>\n<td>PREMIOS<\/td>\n<td>\n<ul>\n<li>Guia Vins Catalunya 2023 &#8211; 9,6 puntos<\/li>\n<li>Gu\u00eda Pe\u00f1\u00edn 2023 &#8211; 93 puntos<\/li>\n<li>PREMIOS VINARI 2022 &#8211; Medalla de Plata<\/li>\n<li>American Wine Awards 2022 &#8211; Medalla de Oro<\/li>\n<\/ul>\n<\/td>\n<\/tr>\n<\/tbody>\n<\/table>\n","protected":false},"excerpt":{"rendered":"<p>Este Macabeo de vi\u00f1as viejas del norte del Priorat presenta un radiante color \u00e1mbar. La nariz se abre con flores blancas dulces, flor de sa\u00faco y miel fresca, revelando gradualmente capas m\u00e1s profundas con el tiempo en la copa. Las notas de fruta blanca evolucionan hacia una sinfon\u00eda oto\u00f1al de hojas secas, bellotas, corteza de \u00e1rbol y manzana confitada, enmarcada por sutiles matices minerales y toques de miel fresca.  <\/p>\n<p>En boca es amplio y sedoso, con una sensaci\u00f3n cremosa gracias a 6 meses de envejecimiento sobre l\u00edas. El envejecimiento en barricas de roble de 225 litros durante 18 meses le confiere suaves aromas de vainilla y taninos largos y suaves. El final es suave y perfectamente equilibrado, con la tensi\u00f3n justa entre acidez y tanino.  <\/p>\n<div class=\"shipping-note\">\n<p><strong>Nota:<\/strong> Cargo Wine gestiona y factura los gastos de env\u00edo por separado. Selecciona a continuaci\u00f3n tu pa\u00eds de entrega para ver las tarifas de env\u00edo aplicables. <\/p>\n<details>\n<summary>Selecciona un pa\u00eds<\/summary>\n<div class=\"dropdown-links\"><a class=\"popmake-927\" href=\"#popmake-927\">Pa\u00edses de la UE<\/a><br \/>\n<a class=\"popmake-1401\" href=\"#popmake-948\">Suiza<\/a><br \/>\n<a class=\"popmake-1034\" href=\"#popmake-950\">Reino Unido<\/a><br \/>\n<a class=\"popmake-1602\" href=\"#popmake-954\">Noruega<\/a><br \/>\n<a class=\"popmake-1111\" href=\"#popmake-952\">EE.UU.<\/a><br \/>\n<a class=\"popmake-1200\" href=\"#popmake-958\">Corea del Sur<\/a><br \/>\n<a class=\"popmake-1500\" href=\"#popmake-956\">Singapur<\/a><br \/>\n<a class=\"popmake-1602\" href=\"#popmake-960\">Jap\u00f3n<\/a><br \/>\n<a class=\"popmake-1602\" href=\"#popmake-964\">Hong Kong<\/a><br \/>\n<a class=\"popmake-1602\" href=\"#popmake-962\">Australia<\/a><\/div>\n<\/details>\n<\/div>\n","protected":false},"featured_media":429,"template":"","meta":{"nf_dc_page":"","_uag_custom_page_level_css":"","site-sidebar-layout":"default","site-content-layout":"","ast-site-content-layout":"default","site-content-style":"default","site-sidebar-style":"default","ast-global-header-display":"","ast-banner-title-visibility":"","ast-main-header-display":"","ast-hfb-above-header-display":"","ast-hfb-below-header-display":"","ast-hfb-mobile-header-display":"","site-post-title":"","ast-breadcrumbs-content":"","ast-featured-img":"","footer-sml-layout":"","ast-disable-related-posts":"","theme-transparent-header-meta":"default","adv-header-id-meta":"","stick-header-meta":"","header-above-stick-meta":"","header-main-stick-meta":"","header-below-stick-meta":"","astra-migrate-meta-layouts":"default","ast-page-background-enabled":"default","ast-page-background-meta":{"desktop":{"background-color":"var(--ast-global-color-5)","background-image":"","background-repeat":"repeat","background-position":"center center","background-size":"auto","background-attachment":"scroll","background-type":"","background-media":"","overlay-type":"","overlay-color":"","overlay-opacity":"","overlay-gradient":""},"tablet":{"background-color":"","background-image":"","background-repeat":"repeat","background-position":"center center","background-size":"auto","background-attachment":"scroll","background-type":"","background-media":"","overlay-type":"","overlay-color":"","overlay-opacity":"","overlay-gradient":""},"mobile":{"background-color":"","background-image":"","background-repeat":"repeat","background-position":"center center","background-size":"auto","background-attachment":"scroll","background-type":"","background-media":"","overlay-type":"","overlay-color":"","overlay-opacity":"","overlay-gradient":""}},"ast-content-background-meta":{"desktop":{"background-color":"var(--ast-global-color-4)","background-image":"","background-repeat":"repeat","background-position":"center center","background-size":"auto","background-attachment":"scroll","background-type":"","background-media":"","overlay-type":"","overlay-color":"","overlay-opacity":"","overlay-gradient":""},"tablet":{"background-color":"var(--ast-global-color-4)","background-image":"","background-repeat":"repeat","background-position":"center center","background-size":"auto","background-attachment":"scroll","background-type":"","background-media":"","overlay-type":"","overlay-color":"","overlay-opacity":"","overlay-gradient":""},"mobile":{"background-color":"var(--ast-global-color-4)","background-image":"","background-repeat":"repeat","background-position":"center center","background-size":"auto","background-attachment":"scroll","background-type":"","background-media":"","overlay-type":"","overlay-color":"","overlay-opacity":"","overlay-gradient":""}}},"product_brand":[59],"product_cat":[72],"product_tag":[],"class_list":{"0":"post-1206","1":"product","2":"type-product","3":"status-publish","4":"has-post-thumbnail","6":"product_brand-celler-gritelles","7":"product_cat-macabeo-es","8":"desktop-align-left","9":"tablet-align-left","10":"mobile-align-left","12":"first","13":"instock","14":"taxable","15":"shipping-taxable","16":"purchasable","17":"product-type-simple"},"yoast_head":"<!-- This site is optimized with the Yoast SEO plugin v27.4 - https:\/\/yoast.com\/product\/yoast-seo-wordpress\/ -->\n<title>MACABEU TROS DE LA SERRA - 1714 - Celler Gritelles<\/title>\n<meta name=\"description\" content=\"Discover MACABEU TROS DE LA SERRA - 1714 from Celler Gritelles, an artisanal winery in Cornudella de Montsant, Catalonia. Handcrafted wines that capture the essence of the Montsant region.\" \/>\n<meta name=\"robots\" content=\"index, follow, max-snippet:-1, max-image-preview:large, max-video-preview:-1\" \/>\n<link rel=\"canonical\" href=\"https:\/\/gritelles.com\/es\/product\/macabeu-tros-de-la-serra-1714\/\" \/>\n<meta property=\"og:locale\" content=\"es_ES\" \/>\n<meta property=\"og:type\" content=\"article\" \/>\n<meta property=\"og:title\" content=\"MACABEU TROS DE LA SERRA - 1714 - Celler Gritelles\" \/>\n<meta property=\"og:description\" content=\"Discover MACABEU TROS DE LA SERRA - 1714 from Celler Gritelles, an artisanal winery in Cornudella de Montsant, Catalonia. Handcrafted wines that capture the essence of the Montsant region.\" \/>\n<meta property=\"og:url\" content=\"https:\/\/gritelles.com\/es\/product\/macabeu-tros-de-la-serra-1714\/\" \/>\n<meta property=\"og:site_name\" content=\"Celler Gritelles\" \/>\n<meta property=\"article:publisher\" content=\"https:\/\/www.facebook.com\/gritelleswinery\" \/>\n<meta property=\"article:modified_time\" content=\"2025-06-03T13:04:19+00:00\" \/>\n<meta property=\"og:image\" content=\"https:\/\/i0.wp.com\/gritelles.com\/wp-content\/uploads\/2025\/03\/TROS-DE-LA-SERRA-small-1.jpg?fit=602%2C1364&ssl=1\" \/>\n\t<meta property=\"og:image:width\" content=\"602\" \/>\n\t<meta property=\"og:image:height\" content=\"1364\" \/>\n\t<meta property=\"og:image:type\" content=\"image\/jpeg\" \/>\n<meta name=\"twitter:card\" content=\"summary_large_image\" \/>\n<meta name=\"twitter:site\" content=\"@gritelles\" \/>\n<meta name=\"twitter:label1\" content=\"Tiempo de lectura\" \/>\n\t<meta name=\"twitter:data1\" content=\"1 minuto\" \/>\n<script type=\"application\/ld+json\" class=\"yoast-schema-graph\">{\"@context\":\"https:\\\/\\\/schema.org\",\"@graph\":[{\"@type\":\"WebPage\",\"@id\":\"https:\\\/\\\/gritelles.com\\\/es\\\/product\\\/macabeu-tros-de-la-serra-1714\\\/\",\"url\":\"https:\\\/\\\/gritelles.com\\\/es\\\/product\\\/macabeu-tros-de-la-serra-1714\\\/\",\"name\":\"MACABEU TROS DE LA SERRA - 1714 - Celler Gritelles\",\"isPartOf\":{\"@id\":\"https:\\\/\\\/gritelles.com\\\/es\\\/#website\"},\"primaryImageOfPage\":{\"@id\":\"https:\\\/\\\/gritelles.com\\\/es\\\/product\\\/macabeu-tros-de-la-serra-1714\\\/#primaryimage\"},\"image\":{\"@id\":\"https:\\\/\\\/gritelles.com\\\/es\\\/product\\\/macabeu-tros-de-la-serra-1714\\\/#primaryimage\"},\"thumbnailUrl\":\"https:\\\/\\\/i0.wp.com\\\/gritelles.com\\\/wp-content\\\/uploads\\\/2025\\\/03\\\/TROS-DE-LA-SERRA-small-1.jpg?fit=602%2C1364&ssl=1\",\"datePublished\":\"2025-05-10T22:40:27+00:00\",\"dateModified\":\"2025-06-03T13:04:19+00:00\",\"description\":\"Discover MACABEU TROS DE LA SERRA - 1714 from Celler Gritelles, an artisanal winery in Cornudella de Montsant, Catalonia. Handcrafted wines that capture the essence of the Montsant region.\",\"breadcrumb\":{\"@id\":\"https:\\\/\\\/gritelles.com\\\/es\\\/product\\\/macabeu-tros-de-la-serra-1714\\\/#breadcrumb\"},\"inLanguage\":\"es\",\"potentialAction\":[{\"@type\":\"ReadAction\",\"target\":[\"https:\\\/\\\/gritelles.com\\\/es\\\/product\\\/macabeu-tros-de-la-serra-1714\\\/\"]}]},{\"@type\":\"ImageObject\",\"inLanguage\":\"es\",\"@id\":\"https:\\\/\\\/gritelles.com\\\/es\\\/product\\\/macabeu-tros-de-la-serra-1714\\\/#primaryimage\",\"url\":\"https:\\\/\\\/i0.wp.com\\\/gritelles.com\\\/wp-content\\\/uploads\\\/2025\\\/03\\\/TROS-DE-LA-SERRA-small-1.jpg?fit=602%2C1364&ssl=1\",\"contentUrl\":\"https:\\\/\\\/i0.wp.com\\\/gritelles.com\\\/wp-content\\\/uploads\\\/2025\\\/03\\\/TROS-DE-LA-SERRA-small-1.jpg?fit=602%2C1364&ssl=1\",\"width\":602,\"height\":1364,\"caption\":\"TROS DE LA SERRA\"},{\"@type\":\"BreadcrumbList\",\"@id\":\"https:\\\/\\\/gritelles.com\\\/es\\\/product\\\/macabeu-tros-de-la-serra-1714\\\/#breadcrumb\",\"itemListElement\":[{\"@type\":\"ListItem\",\"position\":1,\"name\":\"Home\",\"item\":\"https:\\\/\\\/gritelles.com\\\/es\\\/\"},{\"@type\":\"ListItem\",\"position\":2,\"name\":\"Tienda\",\"item\":\"https:\\\/\\\/gritelles.com\\\/es\\\/tienda\\\/\"},{\"@type\":\"ListItem\",\"position\":3,\"name\":\"MACABEU TROS DE LA SERRA &#8211; 1714\"}]},{\"@type\":\"WebSite\",\"@id\":\"https:\\\/\\\/gritelles.com\\\/es\\\/#website\",\"url\":\"https:\\\/\\\/gritelles.com\\\/es\\\/\",\"name\":\"Celler Gritelles\",\"description\":\"\",\"publisher\":{\"@id\":\"https:\\\/\\\/gritelles.com\\\/es\\\/#organization\"},\"potentialAction\":[{\"@type\":\"SearchAction\",\"target\":{\"@type\":\"EntryPoint\",\"urlTemplate\":\"https:\\\/\\\/gritelles.com\\\/es\\\/?s={search_term_string}\"},\"query-input\":{\"@type\":\"PropertyValueSpecification\",\"valueRequired\":true,\"valueName\":\"search_term_string\"}}],\"inLanguage\":\"es\"},{\"@type\":\"Organization\",\"@id\":\"https:\\\/\\\/gritelles.com\\\/es\\\/#organization\",\"name\":\"Celler Gritelles\",\"url\":\"https:\\\/\\\/gritelles.com\\\/es\\\/\",\"logo\":{\"@type\":\"ImageObject\",\"inLanguage\":\"es\",\"@id\":\"https:\\\/\\\/gritelles.com\\\/es\\\/#\\\/schema\\\/logo\\\/image\\\/\",\"url\":\"https:\\\/\\\/gritelles.com\\\/wp-content\\\/uploads\\\/2025\\\/03\\\/Logo_Celler_Gritelles_transparent_1-ed20041b-1920w-1920w.webp\",\"contentUrl\":\"https:\\\/\\\/gritelles.com\\\/wp-content\\\/uploads\\\/2025\\\/03\\\/Logo_Celler_Gritelles_transparent_1-ed20041b-1920w-1920w.webp\",\"width\":1920,\"height\":1920,\"caption\":\"Celler Gritelles\"},\"image\":{\"@id\":\"https:\\\/\\\/gritelles.com\\\/es\\\/#\\\/schema\\\/logo\\\/image\\\/\"},\"sameAs\":[\"https:\\\/\\\/www.facebook.com\\\/gritelleswinery\",\"https:\\\/\\\/x.com\\\/gritelles\"]}]}<\/script>\n<!-- \/ Yoast SEO plugin. -->","yoast_head_json":{"title":"MACABEU TROS DE LA SERRA - 1714 - Celler Gritelles","description":"Discover MACABEU TROS DE LA SERRA - 1714 from Celler Gritelles, an artisanal winery in Cornudella de Montsant, Catalonia. Handcrafted wines that capture the essence of the Montsant region.","robots":{"index":"index","follow":"follow","max-snippet":"max-snippet:-1","max-image-preview":"max-image-preview:large","max-video-preview":"max-video-preview:-1"},"canonical":"https:\/\/gritelles.com\/es\/product\/macabeu-tros-de-la-serra-1714\/","og_locale":"es_ES","og_type":"article","og_title":"MACABEU TROS DE LA SERRA - 1714 - Celler Gritelles","og_description":"Discover MACABEU TROS DE LA SERRA - 1714 from Celler Gritelles, an artisanal winery in Cornudella de Montsant, Catalonia. Handcrafted wines that capture the essence of the Montsant region.","og_url":"https:\/\/gritelles.com\/es\/product\/macabeu-tros-de-la-serra-1714\/","og_site_name":"Celler Gritelles","article_publisher":"https:\/\/www.facebook.com\/gritelleswinery","article_modified_time":"2025-06-03T13:04:19+00:00","og_image":[{"width":602,"height":1364,"url":"https:\/\/i0.wp.com\/gritelles.com\/wp-content\/uploads\/2025\/03\/TROS-DE-LA-SERRA-small-1.jpg?fit=602%2C1364&ssl=1","type":"image\/jpeg"}],"twitter_card":"summary_large_image","twitter_site":"@gritelles","twitter_misc":{"Tiempo de lectura":"1 minuto"},"schema":{"@context":"https:\/\/schema.org","@graph":[{"@type":"WebPage","@id":"https:\/\/gritelles.com\/es\/product\/macabeu-tros-de-la-serra-1714\/","url":"https:\/\/gritelles.com\/es\/product\/macabeu-tros-de-la-serra-1714\/","name":"MACABEU TROS DE LA SERRA - 1714 - Celler Gritelles","isPartOf":{"@id":"https:\/\/gritelles.com\/es\/#website"},"primaryImageOfPage":{"@id":"https:\/\/gritelles.com\/es\/product\/macabeu-tros-de-la-serra-1714\/#primaryimage"},"image":{"@id":"https:\/\/gritelles.com\/es\/product\/macabeu-tros-de-la-serra-1714\/#primaryimage"},"thumbnailUrl":"https:\/\/i0.wp.com\/gritelles.com\/wp-content\/uploads\/2025\/03\/TROS-DE-LA-SERRA-small-1.jpg?fit=602%2C1364&ssl=1","datePublished":"2025-05-10T22:40:27+00:00","dateModified":"2025-06-03T13:04:19+00:00","description":"Discover MACABEU TROS DE LA SERRA - 1714 from Celler Gritelles, an artisanal winery in Cornudella de Montsant, Catalonia. Handcrafted wines that capture the essence of the Montsant region.","breadcrumb":{"@id":"https:\/\/gritelles.com\/es\/product\/macabeu-tros-de-la-serra-1714\/#breadcrumb"},"inLanguage":"es","potentialAction":[{"@type":"ReadAction","target":["https:\/\/gritelles.com\/es\/product\/macabeu-tros-de-la-serra-1714\/"]}]},{"@type":"ImageObject","inLanguage":"es","@id":"https:\/\/gritelles.com\/es\/product\/macabeu-tros-de-la-serra-1714\/#primaryimage","url":"https:\/\/i0.wp.com\/gritelles.com\/wp-content\/uploads\/2025\/03\/TROS-DE-LA-SERRA-small-1.jpg?fit=602%2C1364&ssl=1","contentUrl":"https:\/\/i0.wp.com\/gritelles.com\/wp-content\/uploads\/2025\/03\/TROS-DE-LA-SERRA-small-1.jpg?fit=602%2C1364&ssl=1","width":602,"height":1364,"caption":"TROS DE LA SERRA"},{"@type":"BreadcrumbList","@id":"https:\/\/gritelles.com\/es\/product\/macabeu-tros-de-la-serra-1714\/#breadcrumb","itemListElement":[{"@type":"ListItem","position":1,"name":"Home","item":"https:\/\/gritelles.com\/es\/"},{"@type":"ListItem","position":2,"name":"Tienda","item":"https:\/\/gritelles.com\/es\/tienda\/"},{"@type":"ListItem","position":3,"name":"MACABEU TROS DE LA SERRA &#8211; 1714"}]},{"@type":"WebSite","@id":"https:\/\/gritelles.com\/es\/#website","url":"https:\/\/gritelles.com\/es\/","name":"Celler Gritelles","description":"","publisher":{"@id":"https:\/\/gritelles.com\/es\/#organization"},"potentialAction":[{"@type":"SearchAction","target":{"@type":"EntryPoint","urlTemplate":"https:\/\/gritelles.com\/es\/?s={search_term_string}"},"query-input":{"@type":"PropertyValueSpecification","valueRequired":true,"valueName":"search_term_string"}}],"inLanguage":"es"},{"@type":"Organization","@id":"https:\/\/gritelles.com\/es\/#organization","name":"Celler Gritelles","url":"https:\/\/gritelles.com\/es\/","logo":{"@type":"ImageObject","inLanguage":"es","@id":"https:\/\/gritelles.com\/es\/#\/schema\/logo\/image\/","url":"https:\/\/gritelles.com\/wp-content\/uploads\/2025\/03\/Logo_Celler_Gritelles_transparent_1-ed20041b-1920w-1920w.webp","contentUrl":"https:\/\/gritelles.com\/wp-content\/uploads\/2025\/03\/Logo_Celler_Gritelles_transparent_1-ed20041b-1920w-1920w.webp","width":1920,"height":1920,"caption":"Celler Gritelles"},"image":{"@id":"https:\/\/gritelles.com\/es\/#\/schema\/logo\/image\/"},"sameAs":["https:\/\/www.facebook.com\/gritelleswinery","https:\/\/x.com\/gritelles"]}]}},"uagb_featured_image_src":{"full":["https:\/\/i0.wp.com\/gritelles.com\/wp-content\/uploads\/2025\/03\/TROS-DE-LA-SERRA-small-1.jpg?fit=602%2C1364&ssl=1",602,1364,false],"thumbnail":["https:\/\/i0.wp.com\/gritelles.com\/wp-content\/uploads\/2025\/03\/TROS-DE-LA-SERRA-small-1.jpg?resize=150%2C150&ssl=1",150,150,true],"medium":["https:\/\/i0.wp.com\/gritelles.com\/wp-content\/uploads\/2025\/03\/TROS-DE-LA-SERRA-small-1.jpg?fit=132%2C300&ssl=1",132,300,true],"medium_large":["https:\/\/i0.wp.com\/gritelles.com\/wp-content\/uploads\/2025\/03\/TROS-DE-LA-SERRA-small-1.jpg?fit=602%2C1364&ssl=1",602,1364,true],"large":["https:\/\/i0.wp.com\/gritelles.com\/wp-content\/uploads\/2025\/03\/TROS-DE-LA-SERRA-small-1.jpg?fit=452%2C1024&ssl=1",452,1024,true],"1536x1536":["https:\/\/i0.wp.com\/gritelles.com\/wp-content\/uploads\/2025\/03\/TROS-DE-LA-SERRA-small-1.jpg?fit=602%2C1364&ssl=1",602,1364,true],"2048x2048":["https:\/\/i0.wp.com\/gritelles.com\/wp-content\/uploads\/2025\/03\/TROS-DE-LA-SERRA-small-1.jpg?fit=602%2C1364&ssl=1",602,1364,true],"woocommerce_thumbnail":["https:\/\/gritelles.com\/wp-content\/uploads\/2025\/03\/TROS-DE-LA-SERRA-small-1-300x680.jpg",300,680,true],"woocommerce_single":["https:\/\/gritelles.com\/wp-content\/uploads\/2025\/03\/TROS-DE-LA-SERRA-small-1.jpg",300,680,false],"woocommerce_gallery_thumbnail":["https:\/\/gritelles.com\/wp-content\/uploads\/2025\/03\/TROS-DE-LA-SERRA-small-1-100x100.jpg",100,100,true]},"uagb_author_info":{"display_name":"Isabel Ebert","author_link":"https:\/\/gritelles.com\/es\/author\/"},"uagb_comment_info":0,"uagb_excerpt":"Este Macabeo de vi\u00f1as viejas del norte del Priorat presenta un radiante color \u00e1mbar. La nariz se abre con flores blancas dulces, flor de sa\u00faco y miel fresca, revelando gradualmente capas m\u00e1s profundas con el tiempo en la copa. Las notas de fruta blanca evolucionan hacia una sinfon\u00eda oto\u00f1al de hojas secas, bellotas, corteza de&hellip;","jetpack_sharing_enabled":true,"_links":{"self":[{"href":"https:\/\/gritelles.com\/es\/wp-json\/wp\/v2\/product\/1206","targetHints":{"allow":["GET"]}}],"collection":[{"href":"https:\/\/gritelles.com\/es\/wp-json\/wp\/v2\/product"}],"about":[{"href":"https:\/\/gritelles.com\/es\/wp-json\/wp\/v2\/types\/product"}],"wp:featuredmedia":[{"embeddable":true,"href":"https:\/\/gritelles.com\/es\/wp-json\/wp\/v2\/media\/429"}],"wp:attachment":[{"href":"https:\/\/gritelles.com\/es\/wp-json\/wp\/v2\/media?parent=1206"}],"wp:term":[{"taxonomy":"product_brand","embeddable":true,"href":"https:\/\/gritelles.com\/es\/wp-json\/wp\/v2\/product_brand?post=1206"},{"taxonomy":"product_cat","embeddable":true,"href":"https:\/\/gritelles.com\/es\/wp-json\/wp\/v2\/product_cat?post=1206"},{"taxonomy":"product_tag","embeddable":true,"href":"https:\/\/gritelles.com\/es\/wp-json\/wp\/v2\/product_tag?post=1206"}],"curies":[{"name":"wp","href":"https:\/\/api.w.org\/{rel}","templated":true}]}}