{"id":1197,"date":"2025-05-12T22:40:27","date_gmt":"2025-05-12T22:40:27","guid":{"rendered":"https:\/\/foi.bcg.mybluehost.me\/website_4c636dee\/product\/siurana-brisat\/"},"modified":"2025-06-02T20:41:15","modified_gmt":"2025-06-02T20:41:15","slug":"siurana-brisat","status":"publish","type":"product","link":"https:\/\/gritelles.com\/es\/product\/siurana-brisat\/","title":{"rendered":"SIURANA BRISAT"},"content":{"rendered":"<table>\n<tbody>\n<tr>\n<td>VI\u00d1EDO<\/td>\n<td>Vedrenyes es un vi\u00f1edo del Dominio Vitivin\u00edcola de Gritelles situado a 450 m de altitud en el valle de Cornudella.<\/td>\n<\/tr>\n<tr>\n<td>ORIGEN GEOGR\u00c1FICO<\/td>\n<td>Norte del Montsant, Priorat, Catalu\u00f1a<\/td>\n<\/tr>\n<tr>\n<td>ZONA VIT\u00cdCOLA<\/td>\n<td>DOP MONTSANT<\/td>\n<\/tr>\n<tr>\n<td>VINATGE<\/td>\n<td>2022<\/td>\n<\/tr>\n<tr>\n<td>PRODUCCI\u00d3N<\/td>\n<td>1.500 botellas de 75 CL<\/td>\n<\/tr>\n<tr>\n<td>TIPO DE BOTELLA<\/td>\n<td>Borgo\u00f1a<\/td>\n<\/tr>\n<tr>\n<td>VARIEDAD DE UVA<\/td>\n<td>Macabeo &#8211; monovarietal<\/td>\n<\/tr>\n<tr>\n<td>GRADUACI\u00d3N<\/td>\n<td>13% vol.<\/td>\n<\/tr>\n<tr>\n<td>ELABORACI\u00d3N DE VINO<\/td>\n<td>\n<ul>\n<li>Fermentaci\u00f3n con levadura aut\u00f3ctona de 24 d\u00edas a 17\u00baC<\/li>\n<li>Envejecimiento en recipientes de acero inoxidable durante 6 meses y en barricas de roble franc\u00e9s durante 12 meses<\/li>\n<\/ul>\n<\/td>\n<\/tr>\n<tr>\n<td>PREMIOS<\/td>\n<td>\n<ul>\n<li>Decanter 2025- 95 puntos<\/li>\n<li>Tim Atkin MW 2024 &#8211; 94 puntos<\/li>\n<li>Gu\u00eda Pe\u00f1\u00edn 2023 &#8211; 92 puntos<\/li>\n<li>Guia Vins Catalunya 2023 &#8211; 9,6 puntos<\/li>\n<li>Hudin 2022 &#8211; 94 puntos<\/li>\n<\/ul>\n<\/td>\n<\/tr>\n<\/tbody>\n<\/table>\n","protected":false},"excerpt":{"rendered":"<p>Este vino se elabora con uvas vendimiadas a mano a principios de octubre. Se somete a microvinificaci\u00f3n con una fermentaci\u00f3n espont\u00e1nea de 28 d\u00edas a 17\u00b0C, utilizando s\u00f3lo levaduras aut\u00f3ctonas para preservar la autenticidad del terru\u00f1o. Envejecido durante 12 meses en barricas de 225 litros sobre sus l\u00edas finas, gana textura, matices y profundidad. El resultado es un vino refinado y expresivo que combina la elegancia natural con una sutil complejidad.<\/p>\n<p>Es un vino blanco para quienes buscan complejidad y estructura, que puede disfrutarse solo o maridado con una amplia gama de platos, desde verduras y pescado hasta carnes blancas. C\u00e1lido, con textura y mineral, es una verdadera expresi\u00f3n de su origen en el norte del Montsant.<\/p>\n<div class=\"shipping-note\">\n<p><strong>Nota:<\/strong> Cargo Wine gestiona y factura los gastos de env\u00edo por separado. Selecciona a continuaci\u00f3n tu pa\u00eds de entrega para ver las tarifas de env\u00edo aplicables.<\/p>\n<details>\n<summary>Selecciona un pa\u00eds<\/summary>\n<div class=\"dropdown-links\"><a class=\"popmake-1175\" href=\"#popmake-1175\">Pa\u00edses de la UE<\/a><br \/>\n<a class=\"popmake-1401\" href=\"#popmake-1178\">Suiza<\/a><br \/>\n<a class=\"popmake-1034\" href=\"#popmake-1180\">Reino Unido<\/a><br \/>\n<a class=\"popmake-1602\" href=\"#popmake-1184\">Noruega<\/a><br \/>\n<a class=\"popmake-1111\" href=\"#popmake-1182\">EE.UU.<\/a><br \/>\n<a class=\"popmake-1200\" href=\"#popmake-1188\">Corea del Sur<\/a><br \/>\n<a class=\"popmake-1500\" href=\"#popmake-1186\">Singapur<\/a><br \/>\n<a class=\"popmake-1602\" href=\"#popmake-1190\">Jap\u00f3n<\/a><br \/>\n<a class=\"popmake-1602\" href=\"#popmake-1194\">Hong Kong<\/a><br \/>\n<a class=\"popmake-1602\" href=\"#popmake-1192\">Australia<\/a><\/div>\n<\/details>\n<\/div>\n","protected":false},"featured_media":432,"template":"","meta":{"nf_dc_page":"","_uag_custom_page_level_css":"","site-sidebar-layout":"default","site-content-layout":"","ast-site-content-layout":"default","site-content-style":"default","site-sidebar-style":"default","ast-global-header-display":"","ast-banner-title-visibility":"","ast-main-header-display":"","ast-hfb-above-header-display":"","ast-hfb-below-header-display":"","ast-hfb-mobile-header-display":"","site-post-title":"","ast-breadcrumbs-content":"","ast-featured-img":"","footer-sml-layout":"","ast-disable-related-posts":"","theme-transparent-header-meta":"default","adv-header-id-meta":"","stick-header-meta":"","header-above-stick-meta":"","header-main-stick-meta":"","header-below-stick-meta":"","astra-migrate-meta-layouts":"set","ast-page-background-enabled":"default","ast-page-background-meta":{"desktop":{"background-color":"var(--ast-global-color-5)","background-image":"","background-repeat":"repeat","background-position":"center center","background-size":"auto","background-attachment":"scroll","background-type":"","background-media":"","overlay-type":"","overlay-color":"","overlay-opacity":"","overlay-gradient":""},"tablet":{"background-color":"","background-image":"","background-repeat":"repeat","background-position":"center center","background-size":"auto","background-attachment":"scroll","background-type":"","background-media":"","overlay-type":"","overlay-color":"","overlay-opacity":"","overlay-gradient":""},"mobile":{"background-color":"","background-image":"","background-repeat":"repeat","background-position":"center center","background-size":"auto","background-attachment":"scroll","background-type":"","background-media":"","overlay-type":"","overlay-color":"","overlay-opacity":"","overlay-gradient":""}},"ast-content-background-meta":{"desktop":{"background-color":"var(--ast-global-color-4)","background-image":"","background-repeat":"repeat","background-position":"center center","background-size":"auto","background-attachment":"scroll","background-type":"","background-media":"","overlay-type":"","overlay-color":"","overlay-opacity":"","overlay-gradient":""},"tablet":{"background-color":"var(--ast-global-color-4)","background-image":"","background-repeat":"repeat","background-position":"center center","background-size":"auto","background-attachment":"scroll","background-type":"","background-media":"","overlay-type":"","overlay-color":"","overlay-opacity":"","overlay-gradient":""},"mobile":{"background-color":"var(--ast-global-color-4)","background-image":"","background-repeat":"repeat","background-position":"center center","background-size":"auto","background-attachment":"scroll","background-type":"","background-media":"","overlay-type":"","overlay-color":"","overlay-opacity":"","overlay-gradient":""}}},"product_brand":[59],"product_cat":[72],"product_tag":[],"class_list":{"0":"post-1197","1":"product","2":"type-product","3":"status-publish","4":"has-post-thumbnail","6":"product_brand-celler-gritelles","7":"product_cat-macabeo-es","8":"desktop-align-left","9":"tablet-align-left","10":"mobile-align-left","12":"first","13":"instock","14":"taxable","15":"shipping-taxable","16":"purchasable","17":"product-type-simple"},"yoast_head":"<!-- This site is optimized with the Yoast SEO plugin v27.4 - https:\/\/yoast.com\/product\/yoast-seo-wordpress\/ -->\n<title>SIURANA BRISAT - Celler Gritelles<\/title>\n<meta name=\"description\" content=\"Discover SIURANA BRISAT from Celler Gritelles, an artisanal winery in Cornudella de Montsant, Catalonia. Handcrafted wines that capture the essence of the Montsant region.\" \/>\n<meta name=\"robots\" content=\"index, follow, max-snippet:-1, max-image-preview:large, max-video-preview:-1\" \/>\n<link rel=\"canonical\" href=\"https:\/\/gritelles.com\/es\/product\/siurana-brisat\/\" \/>\n<meta property=\"og:locale\" content=\"es_ES\" \/>\n<meta property=\"og:type\" content=\"article\" \/>\n<meta property=\"og:title\" content=\"SIURANA BRISAT - Celler Gritelles\" \/>\n<meta property=\"og:description\" content=\"Discover SIURANA BRISAT from Celler Gritelles, an artisanal winery in Cornudella de Montsant, Catalonia. Handcrafted wines that capture the essence of the Montsant region.\" \/>\n<meta property=\"og:url\" content=\"https:\/\/gritelles.com\/es\/product\/siurana-brisat\/\" \/>\n<meta property=\"og:site_name\" content=\"Celler Gritelles\" \/>\n<meta property=\"article:publisher\" content=\"https:\/\/www.facebook.com\/gritelleswinery\" \/>\n<meta property=\"article:modified_time\" content=\"2025-06-02T20:41:15+00:00\" \/>\n<meta property=\"og:image\" content=\"https:\/\/i0.wp.com\/gritelles.com\/wp-content\/uploads\/2025\/03\/SIURANA-BRISAT-small-1.jpg?fit=602%2C1364&ssl=1\" \/>\n\t<meta property=\"og:image:width\" content=\"602\" \/>\n\t<meta property=\"og:image:height\" content=\"1364\" \/>\n\t<meta property=\"og:image:type\" content=\"image\/jpeg\" \/>\n<meta name=\"twitter:card\" content=\"summary_large_image\" \/>\n<meta name=\"twitter:site\" content=\"@gritelles\" \/>\n<meta name=\"twitter:label1\" content=\"Tiempo de lectura\" \/>\n\t<meta name=\"twitter:data1\" content=\"1 minuto\" \/>\n<script type=\"application\/ld+json\" class=\"yoast-schema-graph\">{\"@context\":\"https:\\\/\\\/schema.org\",\"@graph\":[{\"@type\":\"WebPage\",\"@id\":\"https:\\\/\\\/gritelles.com\\\/es\\\/product\\\/siurana-brisat\\\/\",\"url\":\"https:\\\/\\\/gritelles.com\\\/es\\\/product\\\/siurana-brisat\\\/\",\"name\":\"SIURANA BRISAT - Celler Gritelles\",\"isPartOf\":{\"@id\":\"https:\\\/\\\/gritelles.com\\\/es\\\/#website\"},\"primaryImageOfPage\":{\"@id\":\"https:\\\/\\\/gritelles.com\\\/es\\\/product\\\/siurana-brisat\\\/#primaryimage\"},\"image\":{\"@id\":\"https:\\\/\\\/gritelles.com\\\/es\\\/product\\\/siurana-brisat\\\/#primaryimage\"},\"thumbnailUrl\":\"https:\\\/\\\/i0.wp.com\\\/gritelles.com\\\/wp-content\\\/uploads\\\/2025\\\/03\\\/SIURANA-BRISAT-small-1.jpg?fit=602%2C1364&ssl=1\",\"datePublished\":\"2025-05-12T22:40:27+00:00\",\"dateModified\":\"2025-06-02T20:41:15+00:00\",\"description\":\"Discover SIURANA BRISAT from Celler Gritelles, an artisanal winery in Cornudella de Montsant, Catalonia. Handcrafted wines that capture the essence of the Montsant region.\",\"breadcrumb\":{\"@id\":\"https:\\\/\\\/gritelles.com\\\/es\\\/product\\\/siurana-brisat\\\/#breadcrumb\"},\"inLanguage\":\"es\",\"potentialAction\":[{\"@type\":\"ReadAction\",\"target\":[\"https:\\\/\\\/gritelles.com\\\/es\\\/product\\\/siurana-brisat\\\/\"]}]},{\"@type\":\"ImageObject\",\"inLanguage\":\"es\",\"@id\":\"https:\\\/\\\/gritelles.com\\\/es\\\/product\\\/siurana-brisat\\\/#primaryimage\",\"url\":\"https:\\\/\\\/i0.wp.com\\\/gritelles.com\\\/wp-content\\\/uploads\\\/2025\\\/03\\\/SIURANA-BRISAT-small-1.jpg?fit=602%2C1364&ssl=1\",\"contentUrl\":\"https:\\\/\\\/i0.wp.com\\\/gritelles.com\\\/wp-content\\\/uploads\\\/2025\\\/03\\\/SIURANA-BRISAT-small-1.jpg?fit=602%2C1364&ssl=1\",\"width\":602,\"height\":1364,\"caption\":\"SIURANA BRISAT\"},{\"@type\":\"BreadcrumbList\",\"@id\":\"https:\\\/\\\/gritelles.com\\\/es\\\/product\\\/siurana-brisat\\\/#breadcrumb\",\"itemListElement\":[{\"@type\":\"ListItem\",\"position\":1,\"name\":\"Home\",\"item\":\"https:\\\/\\\/gritelles.com\\\/es\\\/\"},{\"@type\":\"ListItem\",\"position\":2,\"name\":\"Tienda\",\"item\":\"https:\\\/\\\/gritelles.com\\\/es\\\/tienda\\\/\"},{\"@type\":\"ListItem\",\"position\":3,\"name\":\"SIURANA BRISAT\"}]},{\"@type\":\"WebSite\",\"@id\":\"https:\\\/\\\/gritelles.com\\\/es\\\/#website\",\"url\":\"https:\\\/\\\/gritelles.com\\\/es\\\/\",\"name\":\"Celler Gritelles\",\"description\":\"\",\"publisher\":{\"@id\":\"https:\\\/\\\/gritelles.com\\\/es\\\/#organization\"},\"potentialAction\":[{\"@type\":\"SearchAction\",\"target\":{\"@type\":\"EntryPoint\",\"urlTemplate\":\"https:\\\/\\\/gritelles.com\\\/es\\\/?s={search_term_string}\"},\"query-input\":{\"@type\":\"PropertyValueSpecification\",\"valueRequired\":true,\"valueName\":\"search_term_string\"}}],\"inLanguage\":\"es\"},{\"@type\":\"Organization\",\"@id\":\"https:\\\/\\\/gritelles.com\\\/es\\\/#organization\",\"name\":\"Celler Gritelles\",\"url\":\"https:\\\/\\\/gritelles.com\\\/es\\\/\",\"logo\":{\"@type\":\"ImageObject\",\"inLanguage\":\"es\",\"@id\":\"https:\\\/\\\/gritelles.com\\\/es\\\/#\\\/schema\\\/logo\\\/image\\\/\",\"url\":\"https:\\\/\\\/gritelles.com\\\/wp-content\\\/uploads\\\/2025\\\/03\\\/Logo_Celler_Gritelles_transparent_1-ed20041b-1920w-1920w.webp\",\"contentUrl\":\"https:\\\/\\\/gritelles.com\\\/wp-content\\\/uploads\\\/2025\\\/03\\\/Logo_Celler_Gritelles_transparent_1-ed20041b-1920w-1920w.webp\",\"width\":1920,\"height\":1920,\"caption\":\"Celler Gritelles\"},\"image\":{\"@id\":\"https:\\\/\\\/gritelles.com\\\/es\\\/#\\\/schema\\\/logo\\\/image\\\/\"},\"sameAs\":[\"https:\\\/\\\/www.facebook.com\\\/gritelleswinery\",\"https:\\\/\\\/x.com\\\/gritelles\"]}]}<\/script>\n<!-- \/ Yoast SEO plugin. -->","yoast_head_json":{"title":"SIURANA BRISAT - Celler Gritelles","description":"Discover SIURANA BRISAT from Celler Gritelles, an artisanal winery in Cornudella de Montsant, Catalonia. Handcrafted wines that capture the essence of the Montsant region.","robots":{"index":"index","follow":"follow","max-snippet":"max-snippet:-1","max-image-preview":"max-image-preview:large","max-video-preview":"max-video-preview:-1"},"canonical":"https:\/\/gritelles.com\/es\/product\/siurana-brisat\/","og_locale":"es_ES","og_type":"article","og_title":"SIURANA BRISAT - Celler Gritelles","og_description":"Discover SIURANA BRISAT from Celler Gritelles, an artisanal winery in Cornudella de Montsant, Catalonia. Handcrafted wines that capture the essence of the Montsant region.","og_url":"https:\/\/gritelles.com\/es\/product\/siurana-brisat\/","og_site_name":"Celler Gritelles","article_publisher":"https:\/\/www.facebook.com\/gritelleswinery","article_modified_time":"2025-06-02T20:41:15+00:00","og_image":[{"width":602,"height":1364,"url":"https:\/\/i0.wp.com\/gritelles.com\/wp-content\/uploads\/2025\/03\/SIURANA-BRISAT-small-1.jpg?fit=602%2C1364&ssl=1","type":"image\/jpeg"}],"twitter_card":"summary_large_image","twitter_site":"@gritelles","twitter_misc":{"Tiempo de lectura":"1 minuto"},"schema":{"@context":"https:\/\/schema.org","@graph":[{"@type":"WebPage","@id":"https:\/\/gritelles.com\/es\/product\/siurana-brisat\/","url":"https:\/\/gritelles.com\/es\/product\/siurana-brisat\/","name":"SIURANA BRISAT - Celler Gritelles","isPartOf":{"@id":"https:\/\/gritelles.com\/es\/#website"},"primaryImageOfPage":{"@id":"https:\/\/gritelles.com\/es\/product\/siurana-brisat\/#primaryimage"},"image":{"@id":"https:\/\/gritelles.com\/es\/product\/siurana-brisat\/#primaryimage"},"thumbnailUrl":"https:\/\/i0.wp.com\/gritelles.com\/wp-content\/uploads\/2025\/03\/SIURANA-BRISAT-small-1.jpg?fit=602%2C1364&ssl=1","datePublished":"2025-05-12T22:40:27+00:00","dateModified":"2025-06-02T20:41:15+00:00","description":"Discover SIURANA BRISAT from Celler Gritelles, an artisanal winery in Cornudella de Montsant, Catalonia. Handcrafted wines that capture the essence of the Montsant region.","breadcrumb":{"@id":"https:\/\/gritelles.com\/es\/product\/siurana-brisat\/#breadcrumb"},"inLanguage":"es","potentialAction":[{"@type":"ReadAction","target":["https:\/\/gritelles.com\/es\/product\/siurana-brisat\/"]}]},{"@type":"ImageObject","inLanguage":"es","@id":"https:\/\/gritelles.com\/es\/product\/siurana-brisat\/#primaryimage","url":"https:\/\/i0.wp.com\/gritelles.com\/wp-content\/uploads\/2025\/03\/SIURANA-BRISAT-small-1.jpg?fit=602%2C1364&ssl=1","contentUrl":"https:\/\/i0.wp.com\/gritelles.com\/wp-content\/uploads\/2025\/03\/SIURANA-BRISAT-small-1.jpg?fit=602%2C1364&ssl=1","width":602,"height":1364,"caption":"SIURANA BRISAT"},{"@type":"BreadcrumbList","@id":"https:\/\/gritelles.com\/es\/product\/siurana-brisat\/#breadcrumb","itemListElement":[{"@type":"ListItem","position":1,"name":"Home","item":"https:\/\/gritelles.com\/es\/"},{"@type":"ListItem","position":2,"name":"Tienda","item":"https:\/\/gritelles.com\/es\/tienda\/"},{"@type":"ListItem","position":3,"name":"SIURANA BRISAT"}]},{"@type":"WebSite","@id":"https:\/\/gritelles.com\/es\/#website","url":"https:\/\/gritelles.com\/es\/","name":"Celler Gritelles","description":"","publisher":{"@id":"https:\/\/gritelles.com\/es\/#organization"},"potentialAction":[{"@type":"SearchAction","target":{"@type":"EntryPoint","urlTemplate":"https:\/\/gritelles.com\/es\/?s={search_term_string}"},"query-input":{"@type":"PropertyValueSpecification","valueRequired":true,"valueName":"search_term_string"}}],"inLanguage":"es"},{"@type":"Organization","@id":"https:\/\/gritelles.com\/es\/#organization","name":"Celler Gritelles","url":"https:\/\/gritelles.com\/es\/","logo":{"@type":"ImageObject","inLanguage":"es","@id":"https:\/\/gritelles.com\/es\/#\/schema\/logo\/image\/","url":"https:\/\/gritelles.com\/wp-content\/uploads\/2025\/03\/Logo_Celler_Gritelles_transparent_1-ed20041b-1920w-1920w.webp","contentUrl":"https:\/\/gritelles.com\/wp-content\/uploads\/2025\/03\/Logo_Celler_Gritelles_transparent_1-ed20041b-1920w-1920w.webp","width":1920,"height":1920,"caption":"Celler Gritelles"},"image":{"@id":"https:\/\/gritelles.com\/es\/#\/schema\/logo\/image\/"},"sameAs":["https:\/\/www.facebook.com\/gritelleswinery","https:\/\/x.com\/gritelles"]}]}},"uagb_featured_image_src":{"full":["https:\/\/i0.wp.com\/gritelles.com\/wp-content\/uploads\/2025\/03\/SIURANA-BRISAT-small-1.jpg?fit=602%2C1364&ssl=1",602,1364,false],"thumbnail":["https:\/\/i0.wp.com\/gritelles.com\/wp-content\/uploads\/2025\/03\/SIURANA-BRISAT-small-1.jpg?resize=150%2C150&ssl=1",150,150,true],"medium":["https:\/\/i0.wp.com\/gritelles.com\/wp-content\/uploads\/2025\/03\/SIURANA-BRISAT-small-1.jpg?fit=132%2C300&ssl=1",132,300,true],"medium_large":["https:\/\/i0.wp.com\/gritelles.com\/wp-content\/uploads\/2025\/03\/SIURANA-BRISAT-small-1.jpg?fit=602%2C1364&ssl=1",602,1364,true],"large":["https:\/\/i0.wp.com\/gritelles.com\/wp-content\/uploads\/2025\/03\/SIURANA-BRISAT-small-1.jpg?fit=452%2C1024&ssl=1",452,1024,true],"1536x1536":["https:\/\/i0.wp.com\/gritelles.com\/wp-content\/uploads\/2025\/03\/SIURANA-BRISAT-small-1.jpg?fit=602%2C1364&ssl=1",602,1364,true],"2048x2048":["https:\/\/i0.wp.com\/gritelles.com\/wp-content\/uploads\/2025\/03\/SIURANA-BRISAT-small-1.jpg?fit=602%2C1364&ssl=1",602,1364,true],"woocommerce_thumbnail":["https:\/\/gritelles.com\/wp-content\/uploads\/2025\/03\/SIURANA-BRISAT-small-1-300x680.jpg",300,680,true],"woocommerce_single":["https:\/\/gritelles.com\/wp-content\/uploads\/2025\/03\/SIURANA-BRISAT-small-1.jpg",300,680,false],"woocommerce_gallery_thumbnail":["https:\/\/gritelles.com\/wp-content\/uploads\/2025\/03\/SIURANA-BRISAT-small-1-100x100.jpg",100,100,true]},"uagb_author_info":{"display_name":"Isabel Ebert","author_link":"https:\/\/gritelles.com\/es\/author\/"},"uagb_comment_info":0,"uagb_excerpt":"Este vino se elabora con uvas vendimiadas a mano a principios de octubre. Se somete a microvinificaci\u00f3n con una fermentaci\u00f3n espont\u00e1nea de 28 d\u00edas a 17\u00b0C, utilizando s\u00f3lo levaduras aut\u00f3ctonas para preservar la autenticidad del terru\u00f1o. Envejecido durante 12 meses en barricas de 225 litros sobre sus l\u00edas finas, gana textura, matices y profundidad. El&hellip;","jetpack_sharing_enabled":true,"_links":{"self":[{"href":"https:\/\/gritelles.com\/es\/wp-json\/wp\/v2\/product\/1197","targetHints":{"allow":["GET"]}}],"collection":[{"href":"https:\/\/gritelles.com\/es\/wp-json\/wp\/v2\/product"}],"about":[{"href":"https:\/\/gritelles.com\/es\/wp-json\/wp\/v2\/types\/product"}],"wp:featuredmedia":[{"embeddable":true,"href":"https:\/\/gritelles.com\/es\/wp-json\/wp\/v2\/media\/432"}],"wp:attachment":[{"href":"https:\/\/gritelles.com\/es\/wp-json\/wp\/v2\/media?parent=1197"}],"wp:term":[{"taxonomy":"product_brand","embeddable":true,"href":"https:\/\/gritelles.com\/es\/wp-json\/wp\/v2\/product_brand?post=1197"},{"taxonomy":"product_cat","embeddable":true,"href":"https:\/\/gritelles.com\/es\/wp-json\/wp\/v2\/product_cat?post=1197"},{"taxonomy":"product_tag","embeddable":true,"href":"https:\/\/gritelles.com\/es\/wp-json\/wp\/v2\/product_tag?post=1197"}],"curies":[{"name":"wp","href":"https:\/\/api.w.org\/{rel}","templated":true}]}}